{"id":108,"date":"2022-08-20T09:50:34","date_gmt":"2022-08-20T07:50:34","guid":{"rendered":"https:\/\/jdr.charlespattyn.be\/?page_id=108"},"modified":"2022-08-20T09:55:19","modified_gmt":"2022-08-20T07:55:19","slug":"50-shades-of-histawy","status":"publish","type":"page","link":"https:\/\/jdr.charlespattyn.be\/index.php\/50-shades-of-histawy\/","title":{"rendered":"50 shades of Histawy"},"content":{"rendered":"<p>[et_pb_section fb_built=\u00a0\u00bb1&Prime; specialty=\u00a0\u00bbon\u00a0\u00bb padding_top_2=\u00a0\u00bb120px\u00a0\u00bb padding_top_bottom_link_1=\u00a0\u00bbfalse\u00a0\u00bb padding_top_bottom_link_2=\u00a0\u00bbfalse\u00a0\u00bb padding_left_right_link_1=\u00a0\u00bbfalse\u00a0\u00bb padding_left_right_link_2=\u00a0\u00bbfalse\u00a0\u00bb admin_label=\u00a0\u00bbAbout\u00a0\u00bb _builder_version=\u00a0\u00bb4.16&Prime; _module_preset=\u00a0\u00bbdefault\u00a0\u00bb custom_padding=\u00a0\u00bb0px|||||\u00a0\u00bb global_colors_info=\u00a0\u00bb{}\u00a0\u00bb][et_pb_column type=\u00a0\u00bb1_2&Prime; specialty_columns=\u00a0\u00bb2&Prime; _builder_version=\u00a0\u00bb4.16&Prime; _module_preset=\u00a0\u00bbdefault\u00a0\u00bb custom_padding=\u00a0\u00bb|||\u00a0\u00bb global_colors_info=\u00a0\u00bb{}\u00a0\u00bb custom_padding__hover=\u00a0\u00bb|||\u00a0\u00bb][et_pb_row_inner _builder_version=\u00a0\u00bb4.16&Prime; _module_preset=\u00a0\u00bbdefault\u00a0\u00bb custom_padding=\u00a0\u00bb0px|||||\u00a0\u00bb global_colors_info=\u00a0\u00bb{}\u00a0\u00bb][et_pb_column_inner saved_specialty_column_type=\u00a0\u00bb1_2&Prime; _builder_version=\u00a0\u00bb4.16&Prime; _module_preset=\u00a0\u00bbdefault\u00a0\u00bb global_colors_info=\u00a0\u00bb{}\u00a0\u00bb][et_pb_image src=\u00a0\u00bbhttps:\/\/jdr.charlespattyn.be\/wp-content\/uploads\/2022\/06\/astrologist-illustration-01.png\u00a0\u00bb title_text=\u00a0\u00bbastrologist-illustration-01&Prime; _builder_version=\u00a0\u00bb4.16&Prime; _module_preset=\u00a0\u00bbdefault\u00a0\u00bb positioning=\u00a0\u00bbabsolute\u00a0\u00bb position_origin_a_tablet=\u00a0\u00bb\u00a0\u00bb position_origin_a_phone=\u00a0\u00bb\u00a0\u00bb position_origin_a_last_edited=\u00a0\u00bbon|tablet\u00a0\u00bb position_origin_f_tablet=\u00a0\u00bb\u00a0\u00bb position_origin_f_phone=\u00a0\u00bb\u00a0\u00bb position_origin_f_last_edited=\u00a0\u00bbon|tablet\u00a0\u00bb position_origin_r_tablet=\u00a0\u00bb\u00a0\u00bb position_origin_r_phone=\u00a0\u00bb\u00a0\u00bb position_origin_r_last_edited=\u00a0\u00bbon|tablet\u00a0\u00bb max_height_tablet=\u00a0\u00bb400px\u00a0\u00bb max_height_phone=\u00a0\u00bb\u00a0\u00bb max_height_last_edited=\u00a0\u00bbon|tablet\u00a0\u00bb custom_margin=\u00a0\u00bb|||-30%|false|false\u00a0\u00bb custom_margin_tablet=\u00a0\u00bb|||0%|false|false\u00a0\u00bb custom_margin_phone=\u00a0\u00bb\u00a0\u00bb custom_margin_last_edited=\u00a0\u00bbon|tablet\u00a0\u00bb custom_padding=\u00a0\u00bb||||false|false\u00a0\u00bb positioning_tablet=\u00a0\u00bbrelative\u00a0\u00bb positioning_phone=\u00a0\u00bb\u00a0\u00bb positioning_last_edited=\u00a0\u00bbon|tablet\u00a0\u00bb locked=\u00a0\u00bboff\u00a0\u00bb global_colors_info=\u00a0\u00bb{}\u00a0\u00bb][\/et_pb_image][\/et_pb_column_inner][\/et_pb_row_inner][et_pb_row_inner custom_padding_last_edited=\u00a0\u00bbon|tablet\u00a0\u00bb _builder_version=\u00a0\u00bb4.17.4&Prime; _module_preset=\u00a0\u00bbdefault\u00a0\u00bb background_color=\u00a0\u00bb#313453&Prime; z_index=\u00a0\u00bb9&Prime; custom_margin=\u00a0\u00bb200px|||||\u00a0\u00bb custom_margin_tablet=\u00a0\u00bb0px||||false|false\u00a0\u00bb custom_margin_phone=\u00a0\u00bb\u00a0\u00bb custom_margin_last_edited=\u00a0\u00bbon|tablet\u00a0\u00bb custom_padding=\u00a0\u00bb80px|60px|80px|60px|true|true\u00a0\u00bb custom_padding_tablet=\u00a0\u00bb40px|30px|40px|30px|true|true\u00a0\u00bb custom_padding_phone=\u00a0\u00bb|20px||20px|true|true\u00a0\u00bb global_colors_info=\u00a0\u00bb{}\u00a0\u00bb][et_pb_column_inner saved_specialty_column_type=\u00a0\u00bb1_2&Prime; _builder_version=\u00a0\u00bb4.17.4&Prime; _module_preset=\u00a0\u00bbdefault\u00a0\u00bb global_colors_info=\u00a0\u00bb{}\u00a0\u00bb][et_pb_text _builder_version=\u00a0\u00bb4.17.4&Prime; _module_preset=\u00a0\u00bbdefault\u00a0\u00bb header_2_font=\u00a0\u00bbPhilosopher|700|||||||\u00a0\u00bb header_2_text_align=\u00a0\u00bbleft\u00a0\u00bb header_2_font_size=\u00a0\u00bb54px\u00a0\u00bb header_3_font=\u00a0\u00bbKaushan Script||on||||||\u00a0\u00bb header_3_text_color=\u00a0\u00bb#fe7f5c\u00a0\u00bb header_3_line_height=\u00a0\u00bb1.3em\u00a0\u00bb background_layout=\u00a0\u00bbdark\u00a0\u00bb header_2_font_size_tablet=\u00a0\u00bb34px\u00a0\u00bb header_2_font_size_phone=\u00a0\u00bb28px\u00a0\u00bb header_2_font_size_last_edited=\u00a0\u00bbon|tablet\u00a0\u00bb locked=\u00a0\u00bboff\u00a0\u00bb global_colors_info=\u00a0\u00bb{}\u00a0\u00bb]<\/p>\n<h2>Le sc\u00e9nario<\/h2>\n<p>[\/et_pb_text][et_pb_text _builder_version=\u00a0\u00bb4.17.4&Prime; _module_preset=\u00a0\u00bbdefault\u00a0\u00bb text_font=\u00a0\u00bbMontserrat||||||||\u00a0\u00bb text_text_color=\u00a0\u00bbrgba(255,255,255,0.64)\u00a0\u00bb text_line_height=\u00a0\u00bb1.8em\u00a0\u00bb width_tablet=\u00a0\u00bb100%\u00a0\u00bb width_phone=\u00a0\u00bb\u00a0\u00bb width_last_edited=\u00a0\u00bbon|tablet\u00a0\u00bb module_alignment=\u00a0\u00bbcenter\u00a0\u00bb locked=\u00a0\u00bboff\u00a0\u00bb global_colors_info=\u00a0\u00bb{}\u00a0\u00bb]<\/p>\n<p>Ici s&rsquo;ach\u00e8ve le cr\u00e9puscule de mon Peuple. La Grande Nuit est proche!<\/p>\n<p>Vous, Fiers Goblins, derniers de mes serviteurs, race \u00e9lue bient\u00f4t \u00e9teinte, DEVEZ combattre jusqu&rsquo;\u00e0 votre ultime souffle.<\/p>\n<p>L&rsquo;alliance honnie des hommes, nains et elfes vous a pourchass\u00e9 jusqu&rsquo;aux confins de la For\u00eat Eternelle. IL SUFFIT!<\/p>\n<p>\u00d4 Vieilles \u00c2mes, Augustes parmi les v\u00f4tres, rejoignez Moi dans le Saint des Saints, dans mes Entrailles Putr\u00e9fi\u00e9es, dans mon Sup\u00eame Temple.<\/p>\n<p>Acc\u00e9dez \u00e0 l&rsquo;Ascension et v\u00e9n\u00e9rez Moi pour les si\u00e8cles des si\u00e8cles.<\/p>\n<p>[\/et_pb_text][\/et_pb_column_inner][\/et_pb_row_inner][\/et_pb_column][et_pb_column type=\u00a0\u00bb1_2&Prime; _builder_version=\u00a0\u00bb4.16&Prime; _module_preset=\u00a0\u00bbdefault\u00a0\u00bb custom_padding=\u00a0\u00bb|||\u00a0\u00bb global_colors_info=\u00a0\u00bb{}\u00a0\u00bb custom_padding__hover=\u00a0\u00bb|||\u00a0\u00bb][et_pb_text _builder_version=\u00a0\u00bb4.17.4&Prime; _module_preset=\u00a0\u00bbdefault\u00a0\u00bb header_2_font=\u00a0\u00bbPhilosopher|700|||||||\u00a0\u00bb header_2_text_align=\u00a0\u00bbleft\u00a0\u00bb header_2_text_color=\u00a0\u00bb#313453&Prime; header_2_font_size=\u00a0\u00bb54px\u00a0\u00bb header_3_font=\u00a0\u00bbKaushan Script||on||||||\u00a0\u00bb header_3_text_color=\u00a0\u00bb#fe7f5c\u00a0\u00bb header_3_line_height=\u00a0\u00bb1.3em\u00a0\u00bb header_2_font_size_tablet=\u00a0\u00bb34px\u00a0\u00bb header_2_font_size_phone=\u00a0\u00bb28px\u00a0\u00bb header_2_font_size_last_edited=\u00a0\u00bbon|phone\u00a0\u00bb locked=\u00a0\u00bboff\u00a0\u00bb global_colors_info=\u00a0\u00bb{}\u00a0\u00bb]<\/p>\n<h2>50 shades of Histawy<\/h2>\n<p>[\/et_pb_text][et_pb_blurb title=\u00a0\u00bbM\u00e9di\u00e9val Fantastique, Survival\u00a0\u00bb use_icon=\u00a0\u00bbon\u00a0\u00bb font_icon=\u00a0\u00bb&#xe080;||divi||400&Prime; icon_color=\u00a0\u00bb#fe7f5c\u00a0\u00bb icon_placement=\u00a0\u00bbleft\u00a0\u00bb content_max_width=\u00a0\u00bb100%\u00a0\u00bb _builder_version=\u00a0\u00bb4.17.4&Prime; _module_preset=\u00a0\u00bbdefault\u00a0\u00bb header_font=\u00a0\u00bbPhilosopher|700|||||||\u00a0\u00bb header_text_color=\u00a0\u00bb#313453&Prime; header_line_height=\u00a0\u00bb1.8em\u00a0\u00bb locked=\u00a0\u00bboff\u00a0\u00bb global_colors_info=\u00a0\u00bb{}\u00a0\u00bb][\/et_pb_blurb][et_pb_blurb title=\u00a0\u00bb4 \u00e0 5 Joueurs\u00a0\u00bb use_icon=\u00a0\u00bbon\u00a0\u00bb font_icon=\u00a0\u00bb&#xf0c0;||fa||900&Prime; icon_color=\u00a0\u00bb#fe7f5c\u00a0\u00bb icon_placement=\u00a0\u00bbleft\u00a0\u00bb content_max_width=\u00a0\u00bb100%\u00a0\u00bb _builder_version=\u00a0\u00bb4.17.4&Prime; _module_preset=\u00a0\u00bbdefault\u00a0\u00bb header_font=\u00a0\u00bbPhilosopher|700|||||||\u00a0\u00bb header_text_color=\u00a0\u00bb#313453&Prime; header_line_height=\u00a0\u00bb1.8em\u00a0\u00bb locked=\u00a0\u00bboff\u00a0\u00bb global_colors_info=\u00a0\u00bb{}\u00a0\u00bb][\/et_pb_blurb][et_pb_blurb title=\u00a0\u00bbOula, vous m&rsquo;en posez des questions. Disons que si vous \u00eates bons, ce sera rapide.\u00a0\u00bb use_icon=\u00a0\u00bbon\u00a0\u00bb font_icon=\u00a0\u00bb&#xe06b;||divi||400&Prime; icon_color=\u00a0\u00bb#fe7f5c\u00a0\u00bb icon_placement=\u00a0\u00bbleft\u00a0\u00bb content_max_width=\u00a0\u00bb100%\u00a0\u00bb _builder_version=\u00a0\u00bb4.17.4&Prime; _module_preset=\u00a0\u00bbdefault\u00a0\u00bb header_font=\u00a0\u00bbPhilosopher|700|||||||\u00a0\u00bb header_text_color=\u00a0\u00bb#313453&Prime; header_line_height=\u00a0\u00bb1.8em\u00a0\u00bb locked=\u00a0\u00bboff\u00a0\u00bb global_colors_info=\u00a0\u00bb{}\u00a0\u00bb][\/et_pb_blurb][et_pb_image src=\u00a0\u00bbhttps:\/\/jdr.charlespattyn.be\/wp-content\/uploads\/2022\/06\/astrologist-illustrations-03.png\u00a0\u00bb title_text=\u00a0\u00bbastrologist-illustrations-03&Prime; force_fullwidth=\u00a0\u00bbon\u00a0\u00bb _builder_version=\u00a0\u00bb4.16&Prime; _module_preset=\u00a0\u00bbdefault\u00a0\u00bb custom_margin=\u00a0\u00bb||||false|false\u00a0\u00bb locked=\u00a0\u00bboff\u00a0\u00bb global_colors_info=\u00a0\u00bb{}\u00a0\u00bb][\/et_pb_image][\/et_pb_column][\/et_pb_section][et_pb_section fb_built=\u00a0\u00bb1&Prime; admin_label=\u00a0\u00bbServices\u00a0\u00bb _builder_version=\u00a0\u00bb4.16&Prime; _module_preset=\u00a0\u00bbdefault\u00a0\u00bb locked=\u00a0\u00bboff\u00a0\u00bb global_colors_info=\u00a0\u00bb{}\u00a0\u00bb custom_padding=\u00a0\u00bb0px|||||\u00a0\u00bb][et_pb_row _builder_version=\u00a0\u00bb4.16&Prime; _module_preset=\u00a0\u00bbdefault\u00a0\u00bb global_colors_info=\u00a0\u00bb{}\u00a0\u00bb][et_pb_column type=\u00a0\u00bb4_4&Prime; _builder_version=\u00a0\u00bb4.16&Prime; _module_preset=\u00a0\u00bbdefault\u00a0\u00bb custom_padding_tablet=\u00a0\u00bb60px|0px|60px|0px|true|true\u00a0\u00bb custom_padding_last_edited=\u00a0\u00bboff|desktop\u00a0\u00bb global_colors_info=\u00a0\u00bb{}\u00a0\u00bb][et_pb_text _builder_version=\u00a0\u00bb4.17.4&Prime; _module_preset=\u00a0\u00bbdefault\u00a0\u00bb header_2_font=\u00a0\u00bbPhilosopher|700|||||||\u00a0\u00bb header_2_text_align=\u00a0\u00bbleft\u00a0\u00bb header_2_text_color=\u00a0\u00bb#313453&Prime; header_2_font_size=\u00a0\u00bb54px\u00a0\u00bb header_3_font=\u00a0\u00bbKaushan Script||on||||||\u00a0\u00bb header_3_text_color=\u00a0\u00bb#fe7f5c\u00a0\u00bb header_3_line_height=\u00a0\u00bb1.3em\u00a0\u00bb header_2_font_size_tablet=\u00a0\u00bb34px\u00a0\u00bb header_2_font_size_phone=\u00a0\u00bb28px\u00a0\u00bb header_2_font_size_last_edited=\u00a0\u00bbon|phone\u00a0\u00bb locked=\u00a0\u00bboff\u00a0\u00bb global_colors_info=\u00a0\u00bb{}\u00a0\u00bb]<\/p>\n<h2>L&rsquo;univers<\/h2>\n<p>[\/et_pb_text][et_pb_text _builder_version=\u00a0\u00bb4.17.4&Prime; _module_preset=\u00a0\u00bbdefault\u00a0\u00bb text_font=\u00a0\u00bbMontserrat||||||||\u00a0\u00bb text_font_size=\u00a0\u00bb16px\u00a0\u00bb text_line_height=\u00a0\u00bb1.8em\u00a0\u00bb width_tablet=\u00a0\u00bb100%\u00a0\u00bb width_phone=\u00a0\u00bb\u00a0\u00bb width_last_edited=\u00a0\u00bbon|tablet\u00a0\u00bb module_alignment=\u00a0\u00bbcenter\u00a0\u00bb text_font_size_tablet=\u00a0\u00bb15px\u00a0\u00bb text_font_size_phone=\u00a0\u00bb14px\u00a0\u00bb text_font_size_last_edited=\u00a0\u00bbon|phone\u00a0\u00bb locked=\u00a0\u00bboff\u00a0\u00bb global_colors_info=\u00a0\u00bb{}\u00a0\u00bb]<\/p>\n<p>Vous \u00eates des \u00e2mes sp\u00e9ciales, ayant subies par le pouvoir de votre dieu Maglubiyet, la m\u00e9tempsychose: quand votre corps mortel p\u00e9rit, votre \u00e2me immortelle transite vers un nouveau corps dont elle prend possession, qu&rsquo;importe le locataire actuel.<\/p>\n<p>Votre dieu n&rsquo;a pas eu l&rsquo;envie de se nouer les neurones: ce voyage astral est instantan\u00e9 et sur le goblin le plus proche sans discrimination d&rsquo;\u00e2ge, de sexe, de genre ou de couleur de chaussettes, rendant tout \u00e0 fait al\u00e9atoire la destination finale.<\/p>\n<p>Il y a deux moyens de pr\u00e9venir ce squat corporel: la m\u00e9tempsychose ne se chasse pas elle-m\u00eame, les joueurs ne peuvent hijacker le corp d&rsquo;un autre joueur. Ou \u00eatre un dignitaire du tr\u00e8s haut clerg\u00e9 de Maglubiyet, ayant particip\u00e9 \u00e0 certains rituels et \u00eatre donc ind\u00e9boulonable autrement que par une dague entre les homoplates.<\/p>\n<p>La m\u00e9tempsychose a un effet notable: l&rsquo;\u00e2me se moule dans les contours du corps. Ainsi, si vous gardez votre intellect et votre m\u00e9moire, vous ne conservez en rien les comp\u00e9tences et dons des anciens corps mais vous savez utiliser de suite vos nouveaux talents.<\/p>\n<p>&#8211; En d\u00e9but de partie puis \u00e0 chaque d\u00e9c\u00e8s, un d100 sera tir\u00e9 par le joueur, d\u00e9signant dans quelle SpawnList sera pioch\u00e9 le futur avatar. Les avatars seront dans la mesure du raisonnable \u00e9quilibr\u00e9s au sein d&rsquo;une m\u00eame spawnlist mais pas entre les diff\u00e9rentes spawnlists. Des malus et bonus distribu\u00e9s selon le bon vouloir du MJ viendront mitiger ce d100.<\/p>\n<p>&#8211; Puis un autre dX (o\u00f9 X d\u00e9pend du nombre d&rsquo;avatar au sein d&rsquo;une spawnlist; elles ne sont pas garnies \u00e9quitablement) sera lanc\u00e9 pour d\u00e9terminer l&rsquo;avatar du joueur.<\/p>\n<p>&#8211; Chaque avatar a son propre design, ses propres comp\u00e9tences et dons, ses propres \u00e9quipements. A vous de vous y adapter.<br \/>&#8211; Le reste des r\u00e8gles correspond aux jdr pr\u00e9c\u00e9dents, bas\u00e9s sur Aventures.<\/p>\n<p>[\/et_pb_text][\/et_pb_column][\/et_pb_row][\/et_pb_section]<\/p>\n","protected":false},"excerpt":{"rendered":"<p>Le sc\u00e9narioIci s&rsquo;ach\u00e8ve le cr\u00e9puscule de mon Peuple. La Grande Nuit est proche! Vous, Fiers Goblins, derniers de mes serviteurs, race \u00e9lue bient\u00f4t \u00e9teinte, DEVEZ combattre jusqu&rsquo;\u00e0 votre ultime souffle. L&rsquo;alliance honnie des hommes, nains et elfes vous a pourchass\u00e9 jusqu&rsquo;aux confins de la For\u00eat Eternelle. IL SUFFIT! \u00d4 Vieilles \u00c2mes, Augustes parmi les v\u00f4tres, [&hellip;]<\/p>\n","protected":false},"author":1,"featured_media":0,"parent":0,"menu_order":0,"comment_status":"closed","ping_status":"closed","template":"","meta":{"_et_pb_use_builder":"on","_et_pb_old_content":"","_et_gb_content_width":""},"_links":{"self":[{"href":"https:\/\/jdr.charlespattyn.be\/index.php\/wp-json\/wp\/v2\/pages\/108"}],"collection":[{"href":"https:\/\/jdr.charlespattyn.be\/index.php\/wp-json\/wp\/v2\/pages"}],"about":[{"href":"https:\/\/jdr.charlespattyn.be\/index.php\/wp-json\/wp\/v2\/types\/page"}],"author":[{"embeddable":true,"href":"https:\/\/jdr.charlespattyn.be\/index.php\/wp-json\/wp\/v2\/users\/1"}],"replies":[{"embeddable":true,"href":"https:\/\/jdr.charlespattyn.be\/index.php\/wp-json\/wp\/v2\/comments?post=108"}],"version-history":[{"count":3,"href":"https:\/\/jdr.charlespattyn.be\/index.php\/wp-json\/wp\/v2\/pages\/108\/revisions"}],"predecessor-version":[{"id":111,"href":"https:\/\/jdr.charlespattyn.be\/index.php\/wp-json\/wp\/v2\/pages\/108\/revisions\/111"}],"wp:attachment":[{"href":"https:\/\/jdr.charlespattyn.be\/index.php\/wp-json\/wp\/v2\/media?parent=108"}],"curies":[{"name":"wp","href":"https:\/\/api.w.org\/{rel}","templated":true}]}}